{"id":56,"date":"2017-09-24T09:54:59","date_gmt":"2017-09-24T08:54:59","guid":{"rendered":"http:\/\/www.edgagolf.com\/profiles\/?page_id=56"},"modified":"2023-08-08T09:44:28","modified_gmt":"2023-08-08T08:44:28","slug":"charles-henri-quelin","status":"publish","type":"page","link":"https:\/\/www.edgagolf.com\/profiles\/charles-henri-quelin\/","title":{"rendered":"002 &#8211; Charles-Henri Qu\u00e9lin"},"content":{"rendered":"<p>I am Charles-Henri Qu\u00e9lin, I am from France, I live in Paris, my home club is Saint-Non-la-Bret\u00e8che where they used to have the Lanc\u00f4me Trophy, so it\u2019s quite famous. All the big names like Palmer, Jack Nicklaus all came.<\/p>\n<p><img loading=\"lazy\" decoding=\"async\" class=\"aligncenter wp-image-15595 size-large\" src=\"http:\/\/www.edgagolf.com\/profiles\/wp-content\/uploads\/2023\/07\/10745-1024x683.jpg\" alt=\"\" width=\"525\" height=\"350\" srcset=\"https:\/\/www.edgagolf.com\/profiles\/wp-content\/uploads\/2023\/07\/10745-1024x683.jpg 1024w, https:\/\/www.edgagolf.com\/profiles\/wp-content\/uploads\/2023\/07\/10745-300x200.jpg 300w, https:\/\/www.edgagolf.com\/profiles\/wp-content\/uploads\/2023\/07\/10745-768x512.jpg 768w, https:\/\/www.edgagolf.com\/profiles\/wp-content\/uploads\/2023\/07\/10745-1536x1024.jpg 1536w, https:\/\/www.edgagolf.com\/profiles\/wp-content\/uploads\/2023\/07\/10745.jpg 1920w\" sizes=\"(max-width: 525px) 100vw, 525px\" \/><\/p>\n<p>I had the luck that my father lived on the golf course, so I start to play golf when I was young. I start to play right-handed because I have a disability with my right arm, it\u2019s really shorter than my left arm. So C\u00e9cilia Mourgue d&#8217;Algue, she is very famous and she asked me one day when I was very young, ok what\u2019s your problem, with your left arm, with your right arm?<\/p>\n<p><img loading=\"lazy\" decoding=\"async\" class=\"aligncenter wp-image-15600 size-large\" src=\"http:\/\/www.edgagolf.com\/profiles\/wp-content\/uploads\/2023\/07\/08536-1024x683.jpg\" alt=\"\" width=\"525\" height=\"350\" srcset=\"https:\/\/www.edgagolf.com\/profiles\/wp-content\/uploads\/2023\/07\/08536-1024x683.jpg 1024w, https:\/\/www.edgagolf.com\/profiles\/wp-content\/uploads\/2023\/07\/08536-300x200.jpg 300w, https:\/\/www.edgagolf.com\/profiles\/wp-content\/uploads\/2023\/07\/08536-768x512.jpg 768w, https:\/\/www.edgagolf.com\/profiles\/wp-content\/uploads\/2023\/07\/08536-1536x1024.jpg 1536w, https:\/\/www.edgagolf.com\/profiles\/wp-content\/uploads\/2023\/07\/08536.jpg 1920w\" sizes=\"(max-width: 525px) 100vw, 525px\" \/><\/p>\n<p>So she says, maybe you should try to play left, because your left arm is really longer than your right arm, so it could be easier to play like this, or instead when you grow up it will be really difficult. So I decide to change after many operations, like they tried to make it longer and finally I start again with the left, although I putt with my right.<\/p>\n<p><img loading=\"lazy\" decoding=\"async\" class=\"aligncenter wp-image-15601 size-large\" src=\"http:\/\/www.edgagolf.com\/profiles\/wp-content\/uploads\/2023\/07\/08538-1024x683.jpg\" alt=\"\" width=\"525\" height=\"350\" srcset=\"https:\/\/www.edgagolf.com\/profiles\/wp-content\/uploads\/2023\/07\/08538-1024x683.jpg 1024w, https:\/\/www.edgagolf.com\/profiles\/wp-content\/uploads\/2023\/07\/08538-300x200.jpg 300w, https:\/\/www.edgagolf.com\/profiles\/wp-content\/uploads\/2023\/07\/08538-768x512.jpg 768w, https:\/\/www.edgagolf.com\/profiles\/wp-content\/uploads\/2023\/07\/08538-1536x1024.jpg 1536w, https:\/\/www.edgagolf.com\/profiles\/wp-content\/uploads\/2023\/07\/08538.jpg 1920w\" sizes=\"(max-width: 525px) 100vw, 525px\" \/><\/p>\n<p>&#8220;Because I had been working my golf hard, I could play for the national team [France], like with Gr\u00e9gory Havret, and with other players like that for four years or so.&#8221;<\/p>\n<p><img loading=\"lazy\" decoding=\"async\" class=\"aligncenter wp-image-15604 size-large\" src=\"http:\/\/www.edgagolf.com\/profiles\/wp-content\/uploads\/2023\/07\/07307-1024x683.jpg\" alt=\"\" width=\"525\" height=\"350\" srcset=\"https:\/\/www.edgagolf.com\/profiles\/wp-content\/uploads\/2023\/07\/07307-1024x683.jpg 1024w, https:\/\/www.edgagolf.com\/profiles\/wp-content\/uploads\/2023\/07\/07307-300x200.jpg 300w, https:\/\/www.edgagolf.com\/profiles\/wp-content\/uploads\/2023\/07\/07307-768x512.jpg 768w, https:\/\/www.edgagolf.com\/profiles\/wp-content\/uploads\/2023\/07\/07307-1536x1024.jpg 1536w, https:\/\/www.edgagolf.com\/profiles\/wp-content\/uploads\/2023\/07\/07307.jpg 1620w\" sizes=\"(max-width: 525px) 100vw, 525px\" \/><\/p>\n<p>I am 38 years old and I have joined EDGA to compete with other disabled golfers for three years now. I still have some tournaments with valid golfers, but I really enjoy the spirit. I think that it\u2019s amazing to see people play golf with big big handicaps, so I really have a good time, every time I play a tournament of disabled golfers it\u2019s impressive.<\/p>\n<p><img loading=\"lazy\" decoding=\"async\" class=\"aligncenter wp-image-15602 size-large\" src=\"http:\/\/www.edgagolf.com\/profiles\/wp-content\/uploads\/2023\/07\/07304-1024x683.jpg\" alt=\"\" width=\"525\" height=\"350\" srcset=\"https:\/\/www.edgagolf.com\/profiles\/wp-content\/uploads\/2023\/07\/07304-1024x683.jpg 1024w, https:\/\/www.edgagolf.com\/profiles\/wp-content\/uploads\/2023\/07\/07304-300x200.jpg 300w, https:\/\/www.edgagolf.com\/profiles\/wp-content\/uploads\/2023\/07\/07304-768x512.jpg 768w, https:\/\/www.edgagolf.com\/profiles\/wp-content\/uploads\/2023\/07\/07304-1536x1024.jpg 1536w, https:\/\/www.edgagolf.com\/profiles\/wp-content\/uploads\/2023\/07\/07304.jpg 1620w\" sizes=\"(max-width: 525px) 100vw, 525px\" \/><\/p>\n<p>I had the luck to play tournaments like the French Open, Lanc\u00f4me Trophy or even the Open of Brasil, which is professional, but it\u2019s nice to play these kind of tournaments because you see things that you can\u2019t believe.<\/p>\n<p><img loading=\"lazy\" decoding=\"async\" class=\"aligncenter wp-image-15610 size-large\" src=\"http:\/\/www.edgagolf.com\/profiles\/wp-content\/uploads\/2023\/07\/02582-1024x683.jpg\" alt=\"\" width=\"525\" height=\"350\" srcset=\"https:\/\/www.edgagolf.com\/profiles\/wp-content\/uploads\/2023\/07\/02582-1024x683.jpg 1024w, https:\/\/www.edgagolf.com\/profiles\/wp-content\/uploads\/2023\/07\/02582-300x200.jpg 300w, https:\/\/www.edgagolf.com\/profiles\/wp-content\/uploads\/2023\/07\/02582-768x512.jpg 768w, https:\/\/www.edgagolf.com\/profiles\/wp-content\/uploads\/2023\/07\/02582-1536x1024.jpg 1536w, https:\/\/www.edgagolf.com\/profiles\/wp-content\/uploads\/2023\/07\/02582.jpg 1620w\" sizes=\"(max-width: 525px) 100vw, 525px\" \/><\/p>\n<p>So I really have a good time every time I play with all of those guys, it\u2019s really good fun, and I like the spirit. Everybody is like come one everybody is the same, they have a love of golf so it\u2019s not only because you have a problem with your leg its just about having fun playing and it\u2019s just a game so have fun, it\u2019s good.<\/p>\n<p><img loading=\"lazy\" decoding=\"async\" class=\"aligncenter wp-image-15607 size-large\" src=\"http:\/\/www.edgagolf.com\/profiles\/wp-content\/uploads\/2023\/07\/04629-1024x683.jpg\" alt=\"\" width=\"525\" height=\"350\" srcset=\"https:\/\/www.edgagolf.com\/profiles\/wp-content\/uploads\/2023\/07\/04629-1024x683.jpg 1024w, https:\/\/www.edgagolf.com\/profiles\/wp-content\/uploads\/2023\/07\/04629-300x200.jpg 300w, https:\/\/www.edgagolf.com\/profiles\/wp-content\/uploads\/2023\/07\/04629-768x512.jpg 768w, https:\/\/www.edgagolf.com\/profiles\/wp-content\/uploads\/2023\/07\/04629-1536x1024.jpg 1536w, https:\/\/www.edgagolf.com\/profiles\/wp-content\/uploads\/2023\/07\/04629.jpg 1620w\" sizes=\"(max-width: 525px) 100vw, 525px\" \/><\/p>\n<p>What is your best golfing highlight so far? I would say, I have a very good souvenir of, well we finished third once in Italy in 2000 [1999]. I like to play golf by team you know, it\u2019s really good fun, like the Ryder Cup, you can see the guys it\u2019s so emotional. And we finished third in the European Championship and so it was really a good souvenir, a good souvenir.<\/p>\n<p><img loading=\"lazy\" decoding=\"async\" class=\"aligncenter wp-image-15606 size-large\" src=\"http:\/\/www.edgagolf.com\/profiles\/wp-content\/uploads\/2023\/07\/04625-1024x683.jpg\" alt=\"\" width=\"525\" height=\"350\" srcset=\"https:\/\/www.edgagolf.com\/profiles\/wp-content\/uploads\/2023\/07\/04625-1024x683.jpg 1024w, https:\/\/www.edgagolf.com\/profiles\/wp-content\/uploads\/2023\/07\/04625-300x200.jpg 300w, https:\/\/www.edgagolf.com\/profiles\/wp-content\/uploads\/2023\/07\/04625-768x512.jpg 768w, https:\/\/www.edgagolf.com\/profiles\/wp-content\/uploads\/2023\/07\/04625-1536x1024.jpg 1536w, https:\/\/www.edgagolf.com\/profiles\/wp-content\/uploads\/2023\/07\/04625.jpg 1620w\" sizes=\"(max-width: 525px) 100vw, 525px\" \/><\/p>\n<p>I would say for my favourite golf course, I played one British Amateur in the North of Ireland in Royal County Down and it was a very good souvenir of this course, it was tough, I think Simon Dyson won the qualifying, and I think that it was Graham Storm who won the tournament that year.<\/p>\n<p><img loading=\"lazy\" decoding=\"async\" class=\"aligncenter wp-image-15609 size-large\" src=\"http:\/\/www.edgagolf.com\/profiles\/wp-content\/uploads\/2023\/07\/02592-1024x683.jpg\" alt=\"\" width=\"525\" height=\"350\" srcset=\"https:\/\/www.edgagolf.com\/profiles\/wp-content\/uploads\/2023\/07\/02592-1024x683.jpg 1024w, https:\/\/www.edgagolf.com\/profiles\/wp-content\/uploads\/2023\/07\/02592-300x200.jpg 300w, https:\/\/www.edgagolf.com\/profiles\/wp-content\/uploads\/2023\/07\/02592-768x512.jpg 768w, https:\/\/www.edgagolf.com\/profiles\/wp-content\/uploads\/2023\/07\/02592-1536x1024.jpg 1536w, https:\/\/www.edgagolf.com\/profiles\/wp-content\/uploads\/2023\/07\/02592.jpg 1620w\" sizes=\"(max-width: 525px) 100vw, 525px\" \/><\/p>\n<p>What advice would you give to someone with an impairment who would like to start playing golf?\u00a0Well I would say that maybe to check on the website, it depends on what is the problem, and to compare the problem with a person that is playing golf for the disabled and how do they do, it depends if the problem is with the legs or the arms, or I don\u2019t know but I would say that there is still a solution.<\/p>\n<p><img loading=\"lazy\" decoding=\"async\" class=\"wp-image-15613 size-large aligncenter\" src=\"http:\/\/www.edgagolf.com\/profiles\/wp-content\/uploads\/2023\/07\/01367-1024x710.jpg\" alt=\"\" width=\"525\" height=\"364\" srcset=\"https:\/\/www.edgagolf.com\/profiles\/wp-content\/uploads\/2023\/07\/01367-1024x710.jpg 1024w, https:\/\/www.edgagolf.com\/profiles\/wp-content\/uploads\/2023\/07\/01367-300x208.jpg 300w, https:\/\/www.edgagolf.com\/profiles\/wp-content\/uploads\/2023\/07\/01367-768x533.jpg 768w, https:\/\/www.edgagolf.com\/profiles\/wp-content\/uploads\/2023\/07\/01367.jpg 1159w\" sizes=\"(max-width: 525px) 100vw, 525px\" \/><\/p>\n<p>You have to find it, by yourself for sure, but you can have a look, how they do. So perseverance and to believe in it, and I am sure that you can still, ok if you don\u2019t have any arms it\u2019s not easy, but if you can take the club, it\u2019s ok, you will find a solution.<\/p>\n<p style=\"text-align: center;\"><strong>Contact EDGA<\/strong><\/p>\n<p><img loading=\"lazy\" decoding=\"async\" class=\"wp-image-15611 size-large aligncenter\" src=\"http:\/\/www.edgagolf.com\/profiles\/wp-content\/uploads\/2023\/07\/01417-1024x801.jpg\" alt=\"\" width=\"525\" height=\"411\" srcset=\"https:\/\/www.edgagolf.com\/profiles\/wp-content\/uploads\/2023\/07\/01417-1024x801.jpg 1024w, https:\/\/www.edgagolf.com\/profiles\/wp-content\/uploads\/2023\/07\/01417-300x235.jpg 300w, https:\/\/www.edgagolf.com\/profiles\/wp-content\/uploads\/2023\/07\/01417-768x601.jpg 768w, https:\/\/www.edgagolf.com\/profiles\/wp-content\/uploads\/2023\/07\/01417.jpg 1381w\" sizes=\"(max-width: 525px) 100vw, 525px\" \/><\/p>\n<p class=\"Body\" style=\"text-align: center;\"><strong><span style=\"font-size: 8pt;\">NB: When using any EDGA media, please comply with our <\/span><a style=\"font-size: 8pt;\" href=\"http:\/\/www.edgagolf.com\/profiles\/edga-media-copyright-conditions\/\">copyright conditions<\/a><\/strong><\/p>\n","protected":false},"excerpt":{"rendered":"<p>I am Charles-Henri Qu\u00e9lin, I am from France, I live in Paris, my home club is Saint-Non-la-Bret\u00e8che where they used to have the Lanc\u00f4me Trophy, so it\u2019s quite famous. All the big names like Palmer, Jack Nicklaus all came. I had the luck that my father lived on the golf course, so I start to &hellip; <\/p>\n<p class=\"link-more\"><a href=\"https:\/\/www.edgagolf.com\/profiles\/charles-henri-quelin\/\" class=\"more-link\">Continue reading<span class=\"screen-reader-text\"> &#8220;002 &#8211; Charles-Henri Qu\u00e9lin&#8221;<\/span><\/a><\/p>\n","protected":false},"author":1,"featured_media":16715,"parent":0,"menu_order":0,"comment_status":"closed","ping_status":"closed","template":"","meta":{"footnotes":""},"yoast_head":"<!-- This site is optimized with the Yoast SEO plugin v22.1 - https:\/\/yoast.com\/wordpress\/plugins\/seo\/ -->\n<title>002 - Charles-Henri Qu\u00e9lin - EDGA Player Profiles<\/title>\n<meta name=\"robots\" content=\"index, follow, max-snippet:-1, max-image-preview:large, max-video-preview:-1\" \/>\n<link rel=\"canonical\" href=\"https:\/\/www.edgagolf.com\/profiles\/charles-henri-quelin\/\" \/>\n<meta property=\"og:locale\" content=\"en_GB\" \/>\n<meta property=\"og:type\" content=\"article\" \/>\n<meta property=\"og:title\" content=\"002 - Charles-Henri Qu\u00e9lin - EDGA Player Profiles\" \/>\n<meta property=\"og:description\" content=\"I am Charles-Henri Qu\u00e9lin, I am from France, I live in Paris, my home club is Saint-Non-la-Bret\u00e8che where they used to have the Lanc\u00f4me Trophy, so it\u2019s quite famous. All the big names like Palmer, Jack Nicklaus all came. I had the luck that my father lived on the golf course, so I start to &hellip; Continue reading &quot;002 &#8211; Charles-Henri Qu\u00e9lin&quot;\" \/>\n<meta property=\"og:url\" content=\"https:\/\/www.edgagolf.com\/profiles\/charles-henri-quelin\/\" \/>\n<meta property=\"og:site_name\" content=\"EDGA Player Profiles\" \/>\n<meta property=\"article:publisher\" content=\"https:\/\/www.facebook.com\/EuropeanDisabledGolfAssociation\" \/>\n<meta property=\"article:modified_time\" content=\"2023-08-08T08:44:28+00:00\" \/>\n<meta property=\"og:image\" content=\"http:\/\/www.edgagolf.com\/profiles\/wp-content\/uploads\/2023\/08\/Relocating-to-Portugal-Get-Expert-Insights-and-Financial-Guidance-20.png\" \/>\n\t<meta property=\"og:image:width\" content=\"1920\" \/>\n\t<meta property=\"og:image:height\" content=\"1080\" \/>\n\t<meta property=\"og:image:type\" content=\"image\/png\" \/>\n<meta name=\"twitter:card\" content=\"summary_large_image\" \/>\n<meta name=\"twitter:site\" content=\"@edgagolf\" \/>\n<meta name=\"twitter:label1\" content=\"Estimated reading time\" \/>\n\t<meta name=\"twitter:data1\" content=\"6 minutes\" \/>\n<script type=\"application\/ld+json\" class=\"yoast-schema-graph\">{\"@context\":\"https:\/\/schema.org\",\"@graph\":[{\"@type\":\"WebPage\",\"@id\":\"https:\/\/www.edgagolf.com\/profiles\/charles-henri-quelin\/\",\"url\":\"https:\/\/www.edgagolf.com\/profiles\/charles-henri-quelin\/\",\"name\":\"002 - Charles-Henri Qu\u00e9lin - EDGA Player Profiles\",\"isPartOf\":{\"@id\":\"https:\/\/www.edgagolf.com\/profiles\/#website\"},\"datePublished\":\"2017-09-24T08:54:59+00:00\",\"dateModified\":\"2023-08-08T08:44:28+00:00\",\"breadcrumb\":{\"@id\":\"https:\/\/www.edgagolf.com\/profiles\/charles-henri-quelin\/#breadcrumb\"},\"inLanguage\":\"en-GB\",\"potentialAction\":[{\"@type\":\"ReadAction\",\"target\":[\"https:\/\/www.edgagolf.com\/profiles\/charles-henri-quelin\/\"]}]},{\"@type\":\"BreadcrumbList\",\"@id\":\"https:\/\/www.edgagolf.com\/profiles\/charles-henri-quelin\/#breadcrumb\",\"itemListElement\":[{\"@type\":\"ListItem\",\"position\":1,\"name\":\"Home\",\"item\":\"https:\/\/www.edgagolf.com\/profiles\/\"},{\"@type\":\"ListItem\",\"position\":2,\"name\":\"002 &#8211; Charles-Henri Qu\u00e9lin\"}]},{\"@type\":\"WebSite\",\"@id\":\"https:\/\/www.edgagolf.com\/profiles\/#website\",\"url\":\"https:\/\/www.edgagolf.com\/profiles\/\",\"name\":\"EDGA Player Profiles\",\"description\":\"\",\"publisher\":{\"@id\":\"https:\/\/www.edgagolf.com\/profiles\/#organization\"},\"potentialAction\":[{\"@type\":\"SearchAction\",\"target\":{\"@type\":\"EntryPoint\",\"urlTemplate\":\"https:\/\/www.edgagolf.com\/profiles\/?s={search_term_string}\"},\"query-input\":\"required name=search_term_string\"}],\"inLanguage\":\"en-GB\"},{\"@type\":\"Organization\",\"@id\":\"https:\/\/www.edgagolf.com\/profiles\/#organization\",\"name\":\"EDGA Player Profiles\",\"url\":\"https:\/\/www.edgagolf.com\/profiles\/\",\"logo\":{\"@type\":\"ImageObject\",\"inLanguage\":\"en-GB\",\"@id\":\"https:\/\/www.edgagolf.com\/profiles\/#\/schema\/logo\/image\/\",\"url\":\"https:\/\/www.edgagolf.com\/profiles\/wp-content\/uploads\/2022\/11\/cropped-edga-logo22-white-449x185-1.png\",\"contentUrl\":\"https:\/\/www.edgagolf.com\/profiles\/wp-content\/uploads\/2022\/11\/cropped-edga-logo22-white-449x185-1.png\",\"width\":604,\"height\":250,\"caption\":\"EDGA Player Profiles\"},\"image\":{\"@id\":\"https:\/\/www.edgagolf.com\/profiles\/#\/schema\/logo\/image\/\"},\"sameAs\":[\"https:\/\/www.facebook.com\/EuropeanDisabledGolfAssociation\",\"https:\/\/twitter.com\/edgagolf\",\"https:\/\/www.instagram.com\/edga_golf\",\"https:\/\/www.youtube.com\/channel\/UCxObUaVUeN5vwPOxgZnMARA\"]}]}<\/script>\n<!-- \/ Yoast SEO plugin. -->","yoast_head_json":{"title":"002 - Charles-Henri Qu\u00e9lin - EDGA Player Profiles","robots":{"index":"index","follow":"follow","max-snippet":"max-snippet:-1","max-image-preview":"max-image-preview:large","max-video-preview":"max-video-preview:-1"},"canonical":"https:\/\/www.edgagolf.com\/profiles\/charles-henri-quelin\/","og_locale":"en_GB","og_type":"article","og_title":"002 - Charles-Henri Qu\u00e9lin - EDGA Player Profiles","og_description":"I am Charles-Henri Qu\u00e9lin, I am from France, I live in Paris, my home club is Saint-Non-la-Bret\u00e8che where they used to have the Lanc\u00f4me Trophy, so it\u2019s quite famous. All the big names like Palmer, Jack Nicklaus all came. I had the luck that my father lived on the golf course, so I start to &hellip; Continue reading \"002 &#8211; Charles-Henri Qu\u00e9lin\"","og_url":"https:\/\/www.edgagolf.com\/profiles\/charles-henri-quelin\/","og_site_name":"EDGA Player Profiles","article_publisher":"https:\/\/www.facebook.com\/EuropeanDisabledGolfAssociation","article_modified_time":"2023-08-08T08:44:28+00:00","og_image":[{"width":1920,"height":1080,"url":"http:\/\/www.edgagolf.com\/profiles\/wp-content\/uploads\/2023\/08\/Relocating-to-Portugal-Get-Expert-Insights-and-Financial-Guidance-20.png","type":"image\/png"}],"twitter_card":"summary_large_image","twitter_site":"@edgagolf","twitter_misc":{"Estimated reading time":"6 minutes"},"schema":{"@context":"https:\/\/schema.org","@graph":[{"@type":"WebPage","@id":"https:\/\/www.edgagolf.com\/profiles\/charles-henri-quelin\/","url":"https:\/\/www.edgagolf.com\/profiles\/charles-henri-quelin\/","name":"002 - Charles-Henri Qu\u00e9lin - EDGA Player Profiles","isPartOf":{"@id":"https:\/\/www.edgagolf.com\/profiles\/#website"},"datePublished":"2017-09-24T08:54:59+00:00","dateModified":"2023-08-08T08:44:28+00:00","breadcrumb":{"@id":"https:\/\/www.edgagolf.com\/profiles\/charles-henri-quelin\/#breadcrumb"},"inLanguage":"en-GB","potentialAction":[{"@type":"ReadAction","target":["https:\/\/www.edgagolf.com\/profiles\/charles-henri-quelin\/"]}]},{"@type":"BreadcrumbList","@id":"https:\/\/www.edgagolf.com\/profiles\/charles-henri-quelin\/#breadcrumb","itemListElement":[{"@type":"ListItem","position":1,"name":"Home","item":"https:\/\/www.edgagolf.com\/profiles\/"},{"@type":"ListItem","position":2,"name":"002 &#8211; Charles-Henri Qu\u00e9lin"}]},{"@type":"WebSite","@id":"https:\/\/www.edgagolf.com\/profiles\/#website","url":"https:\/\/www.edgagolf.com\/profiles\/","name":"EDGA Player Profiles","description":"","publisher":{"@id":"https:\/\/www.edgagolf.com\/profiles\/#organization"},"potentialAction":[{"@type":"SearchAction","target":{"@type":"EntryPoint","urlTemplate":"https:\/\/www.edgagolf.com\/profiles\/?s={search_term_string}"},"query-input":"required name=search_term_string"}],"inLanguage":"en-GB"},{"@type":"Organization","@id":"https:\/\/www.edgagolf.com\/profiles\/#organization","name":"EDGA Player Profiles","url":"https:\/\/www.edgagolf.com\/profiles\/","logo":{"@type":"ImageObject","inLanguage":"en-GB","@id":"https:\/\/www.edgagolf.com\/profiles\/#\/schema\/logo\/image\/","url":"https:\/\/www.edgagolf.com\/profiles\/wp-content\/uploads\/2022\/11\/cropped-edga-logo22-white-449x185-1.png","contentUrl":"https:\/\/www.edgagolf.com\/profiles\/wp-content\/uploads\/2022\/11\/cropped-edga-logo22-white-449x185-1.png","width":604,"height":250,"caption":"EDGA Player Profiles"},"image":{"@id":"https:\/\/www.edgagolf.com\/profiles\/#\/schema\/logo\/image\/"},"sameAs":["https:\/\/www.facebook.com\/EuropeanDisabledGolfAssociation","https:\/\/twitter.com\/edgagolf","https:\/\/www.instagram.com\/edga_golf","https:\/\/www.youtube.com\/channel\/UCxObUaVUeN5vwPOxgZnMARA"]}]}},"_links":{"self":[{"href":"https:\/\/www.edgagolf.com\/profiles\/wp-json\/wp\/v2\/pages\/56"}],"collection":[{"href":"https:\/\/www.edgagolf.com\/profiles\/wp-json\/wp\/v2\/pages"}],"about":[{"href":"https:\/\/www.edgagolf.com\/profiles\/wp-json\/wp\/v2\/types\/page"}],"author":[{"embeddable":true,"href":"https:\/\/www.edgagolf.com\/profiles\/wp-json\/wp\/v2\/users\/1"}],"replies":[{"embeddable":true,"href":"https:\/\/www.edgagolf.com\/profiles\/wp-json\/wp\/v2\/comments?post=56"}],"version-history":[{"count":64,"href":"https:\/\/www.edgagolf.com\/profiles\/wp-json\/wp\/v2\/pages\/56\/revisions"}],"predecessor-version":[{"id":17936,"href":"https:\/\/www.edgagolf.com\/profiles\/wp-json\/wp\/v2\/pages\/56\/revisions\/17936"}],"wp:featuredmedia":[{"embeddable":true,"href":"https:\/\/www.edgagolf.com\/profiles\/wp-json\/wp\/v2\/media\/16715"}],"wp:attachment":[{"href":"https:\/\/www.edgagolf.com\/profiles\/wp-json\/wp\/v2\/media?parent=56"}],"curies":[{"name":"wp","href":"https:\/\/api.w.org\/{rel}","templated":true}]}}